{"id":13,"date":"2026-04-05T17:04:10","date_gmt":"2026-04-05T17:04:10","guid":{"rendered":"http:\/\/171.244.199.77\/index.php\/password-reset\/"},"modified":"2026-04-05T17:04:10","modified_gmt":"2026-04-05T17:04:10","slug":"password-reset","status":"publish","type":"page","link":"https:\/\/rootmedia.asia\/index.php\/password-reset\/","title":{"rendered":"Password Reset"},"content":{"rendered":"<div class=\"pms-block-container\">\n<form id=\"pms_recover_password_form\" class=\"pms-form \"  method=\"post\" action=\"\">\n\n    <input type=\"hidden\" id=\"pmstkn\" name=\"pmstkn\" value=\"8dae60c1f8\" \/><input type=\"hidden\" name=\"_wp_http_referer\" value=\"\/index.php\/wp-json\/wp\/v2\/pages\/13\" \/>\n    <p>Please enter your username or email address.<br \/>You will receive a link to create a new password via email.<\/p>\n    <ul class=\"pms-form-fields-wrapper\">\n\n        \n                <li class=\"pms-field \">\n            <label for=\"pms_username_email\">T\u00ean \u0111\u0103ng nh\u1eadp ho\u1eb7c \u0111i\u1ec7n th\u01b0 email<\/label>\n            <input id=\"pms_username_email\" name=\"pms_username_email\" type=\"text\" value=\"\" \/>\n\n                    <\/li>\n\n        \n    <\/ul>\n\n    \n    <input type=\"submit\" name=\"wp-submit\" value=\"\u0110\u1eb7t l\u1ea1i m\u1eadt kh\u1ea9u\"\/>\n\n<\/form>\n\n\n\n<\/div>","protected":false},"excerpt":{"rendered":"","protected":false},"author":1,"featured_media":0,"parent":0,"menu_order":0,"comment_status":"closed","ping_status":"closed","template":"","meta":{"footnotes":""},"class_list":["post-13","page","type-page","status-publish","hentry"],"_links":{"self":[{"href":"https:\/\/rootmedia.asia\/index.php\/wp-json\/wp\/v2\/pages\/13","targetHints":{"allow":["GET"]}}],"collection":[{"href":"https:\/\/rootmedia.asia\/index.php\/wp-json\/wp\/v2\/pages"}],"about":[{"href":"https:\/\/rootmedia.asia\/index.php\/wp-json\/wp\/v2\/types\/page"}],"author":[{"embeddable":true,"href":"https:\/\/rootmedia.asia\/index.php\/wp-json\/wp\/v2\/users\/1"}],"replies":[{"embeddable":true,"href":"https:\/\/rootmedia.asia\/index.php\/wp-json\/wp\/v2\/comments?post=13"}],"version-history":[{"count":0,"href":"https:\/\/rootmedia.asia\/index.php\/wp-json\/wp\/v2\/pages\/13\/revisions"}],"wp:attachment":[{"href":"https:\/\/rootmedia.asia\/index.php\/wp-json\/wp\/v2\/media?parent=13"}],"curies":[{"name":"wp","href":"https:\/\/api.w.org\/{rel}","templated":true}]}}